{"id":15,"date":"2021-02-05T12:34:58","date_gmt":"2021-02-05T12:34:58","guid":{"rendered":"http:\/\/dixendesign.dk\/?page_id=15"},"modified":"2024-02-09T13:31:03","modified_gmt":"2024-02-09T13:31:03","slug":"homepage","status":"publish","type":"page","link":"https:\/\/dixendesign.dk\/","title":{"rendered":"Homepage"},"content":{"rendered":"\n\n\t\t\t\t<img decoding=\"async\" src=\"http:\/\/dixendesign.dk\/wp-content\/uploads\/2021\/02\/Dixendesign.png\" alt=\"Dixendesign\" itemprop=\"image\" title=\"Dixendesign\" onerror=\"this.style.display='none'\"  \/>\n\t<p>Dortheavej 12, 3. sal<\/p>\n<p>&nbsp;<\/p>\n<p>2400 K\u00f8benhavn NV<\/p>\n<p>&nbsp;<\/p>\n<p>28 40 09 80<\/p>\n<p>&nbsp;<\/p>\n<p><a href=\"mailto:amd@dixendesign.dk\">amd@dixendesign.dk<\/a><\/p>\n<h2>\n\t\tFra jern til guld\n\t<\/h2>\n<p>En herlig opgave for min dejlige kunde HOFOR. Jeg har designet et utal af kampagner for HOFOR, ogsa\u030a f\u00f8r de fusionerede med 7 vandselskaber og hed K\u00f8benhavns Energi. Det er dejligt at lave annoncer, websites og brochurer, som er st\u00f8rstedelen af mine opgaver. Men det er da sjovt at lave et br\u00f8nd\u00e6ksel som ligger i hele K\u00f8benhavn og omegnskommunerne &#8211; ma\u030aske de n\u00e6ste 200 a\u030ar.<\/p>\n<p>Jeg har ogs\u00e5 designet en udstanset messingsskive til Himmeltrappen p\u00e5 Amagerv\u00e6rket af samme design og der endda 3D designet og produceret smukke guld\u00f8reringe.<\/p>\n<p>S\u00e5dan kan et br\u00f8ndd\u00e6ksel blive til et smykke med Dixen Design.<\/p>\n\t\t\t<a href=\"\" target=\"_self\" role=\"button\" rel=\"noopener\">\n\t\t\t\t\t\t\tEksempler p\u00e5 vej\n\t\t\t\t\t<\/a>\n\t\t\t\t<img decoding=\"async\" src=\"http:\/\/dixendesign.dk\/wp-content\/uploads\/2021\/02\/Buddingevej-logo.png\" alt=\"Buddingevej logo\" itemprop=\"image\" title=\"Buddingevej logo\" onerror=\"this.style.display='none'\"  \/>\n<h2>\n\t\tFast kunde over 20 \u00e5r\n\t<\/h2>\n<p>Buddingevej Fysioterapi fik designet logo af Dixen Design i 1999. Da klinikken skulle udvides i 2017 stod jeg for totalt redesign af klinikkens visuelle udtryk. Jeg udarbejdede nyt logo, website, v\u00e6gillustrationer og meget mere til et gennemgribende og moderne identitetsprogram. Hele processen har v\u00e6ret en forn\u00f8jelse, hvor professionelle relationer udvikledes til n\u00e6re venskaber, som stadig i dag giver et godt samarbejde.<\/p>\n\t\t\t<a href=\"http:\/\/dixendesign.dk\/index.php\/projekter\/#Buddingevej\" target=\"_self\" role=\"button\" rel=\"noopener\">\n\t\t\t\t\t\t\tSe hele galleriet her\n\t\t\t\t\t<\/a>\n<h2>\n\t\tVidens- og universitetsby i samarbejde med Dixen Design\n\t<\/h2>\n\t<p>Dixen Design har udviklet grafisk kommunikation for Science City Lyngby i forbindelse med navneskiftet i 2020. Vidensbyen har til form\u00e5l at skabe de bedste forhold for uddannelse, forskning, erhverv og entrepren\u00f8rskab i Lyngby-Taarb\u00e6k kommune.<\/p>\n<p>Dixen Design udarbejdede vidensbyens designmanual, logo, brochure, stationary, Word og PowerPoint template samt motion graphic til pr\u00e6sentationer.<\/p>\n\t\t\t<a href=\"http:\/\/dixendesign.dk\/index.php\/projekter\/#Science\" target=\"_self\" role=\"button\" rel=\"noopener\">\n\t\t\t\t\t\t\tSe designet her\n\t\t\t\t\t<\/a>\n\t\t\t\t<img decoding=\"async\" src=\"http:\/\/dixendesign.dk\/wp-content\/uploads\/2021\/02\/SCL_logo.png\" alt=\"SCL_logo\" itemprop=\"image\" title=\"SCL_logo\" onerror=\"this.style.display='none'\"  \/>\n<h2>\n\t\tTetris A\/S\n\t<\/h2>\n<p>Inhouse grafiker for Tetris. Brochurer, store grafiske ops\u00e6tninger af bolig prospekter, motion graphic, annoncer mm. Kampagne for seniorboliger hvor jeg er med til at producere alt materiale. Det er store opgaver med korte deadlines, som kr\u00e6ver overblik.<\/p>\n\t\t\t<a href=\"http:\/\/dixendesign.dk\/index.php\/projekter\/#Tetris\" target=\"_self\" role=\"button\" rel=\"noopener\">\n\t\t\t\t\t\t\tSe hele galleriet her\n\t\t\t\t\t<\/a>\n\t<meta itemprop=\"url\" content=\"https:\/\/dixendesign.dk\/wp-content\/uploads\/2021\/03\/Tetris_Netannonce_Augusthaven_1280pixels_07.mp4\" \/><div style=\"width: 640px;\" class=\"wp-video\"><video class=\"wp-video-shortcode\" id=\"video-15-1\" width=\"640\" height=\"360\" loop autoplay preload=\"metadata\" controls=\"controls\"><source type=\"video\/mp4\" src=\"https:\/\/dixendesign.dk\/wp-content\/uploads\/2021\/03\/Tetris_Netannonce_Augusthaven_1280pixels_07.mp4?_=1\" \/><a href=\"https:\/\/dixendesign.dk\/wp-content\/uploads\/2021\/03\/Tetris_Netannonce_Augusthaven_1280pixels_07.mp4\">https:\/\/dixendesign.dk\/wp-content\/uploads\/2021\/03\/Tetris_Netannonce_Augusthaven_1280pixels_07.mp4<\/a><\/video><\/div>\n\t\t\t\t<img decoding=\"async\" src=\"http:\/\/dixendesign.dk\/wp-content\/uploads\/2021\/03\/dixendesign_blomst.png\" alt=\"dixendesign_blomst\" itemprop=\"image\" title=\"dixendesign_blomst\" onerror=\"this.style.display='none'\"  \/>\n\t<p>Dixen Design<\/p>\n\t<p>Rentemestervej 39 &#8211; baghuset<\/p>\n<p>2400 K\u00f8benhavn NV<\/p>\n<p>28400980<\/p>\namd@dixendesign.dk\n<p>CVR: 21701203<\/p>\n\n","protected":false},"excerpt":{"rendered":"<p>Dortheavej 12, 3. sal &nbsp; 2400 K\u00f8benhavn NV &nbsp; 28 40 09 80 &nbsp; amd@dixendesign.dk Fra jern til guld En herlig opgave for min dejlige kunde HOFOR. Jeg har designet et utal af kampagner for HOFOR, ogsa\u030a f\u00f8r de fusionerede med 7 vandselskaber og hed K\u00f8benhavns Energi. Det er dejligt at lave annoncer, websites og <a href=\"https:\/\/dixendesign.dk\/\" class=\"more-link\">&#8230;<span class=\"screen-reader-text\">  Homepage<\/span><\/a><\/p>\n","protected":false},"author":1,"featured_media":0,"parent":0,"menu_order":0,"comment_status":"closed","ping_status":"closed","template":"template-page-builder-no-header-footer.php","meta":{"footnotes":""},"class_list":["post-15","page","type-page","status-publish","hentry"],"_links":{"self":[{"href":"https:\/\/dixendesign.dk\/index.php\/wp-json\/wp\/v2\/pages\/15","targetHints":{"allow":["GET"]}}],"collection":[{"href":"https:\/\/dixendesign.dk\/index.php\/wp-json\/wp\/v2\/pages"}],"about":[{"href":"https:\/\/dixendesign.dk\/index.php\/wp-json\/wp\/v2\/types\/page"}],"author":[{"embeddable":true,"href":"https:\/\/dixendesign.dk\/index.php\/wp-json\/wp\/v2\/users\/1"}],"replies":[{"embeddable":true,"href":"https:\/\/dixendesign.dk\/index.php\/wp-json\/wp\/v2\/comments?post=15"}],"version-history":[{"count":105,"href":"https:\/\/dixendesign.dk\/index.php\/wp-json\/wp\/v2\/pages\/15\/revisions"}],"predecessor-version":[{"id":637,"href":"https:\/\/dixendesign.dk\/index.php\/wp-json\/wp\/v2\/pages\/15\/revisions\/637"}],"wp:attachment":[{"href":"https:\/\/dixendesign.dk\/index.php\/wp-json\/wp\/v2\/media?parent=15"}],"curies":[{"name":"wp","href":"https:\/\/api.w.org\/{rel}","templated":true}]}}